{"id":3632,"date":"2024-03-01T14:19:46","date_gmt":"2024-03-01T13:19:46","guid":{"rendered":"http:\/\/lv-t2.kubus-art.de\/obshhiny\/jg-dortmund\/"},"modified":"2024-04-11T11:00:27","modified_gmt":"2024-04-11T09:00:27","slug":"jg-dortmund","status":"publish","type":"page","link":"http:\/\/lv-t2.kubus-art.de\/ru\/obshhiny\/jg-dortmund\/","title":{"rendered":"JG Dortmund"},"content":{"rendered":"<p>[et_pb_section fb_built=&#8221;1&#8243; admin_label=&#8221;Blog&#8221; _builder_version=&#8221;4.23.1&#8243; background_image=&#8221;http:\/\/lv-t2.kubus-art.de\/wp-content\/uploads\/2023\/12\/investing-16-1.jpg&#8221; background_size=&#8221;initial&#8221; background_position=&#8221;bottom_center&#8221; min_height=&#8221;583.1px&#8221; custom_padding=&#8221;||0px|||&#8221; collapsed=&#8221;on&#8221; global_colors_info=&#8221;{}&#8221;][et_pb_row column_structure=&#8221;1_4,3_4&#8243; make_equal=&#8221;on&#8221; _builder_version=&#8221;4.23.1&#8243; custom_padding=&#8221;||0px|||&#8221; global_colors_info=&#8221;{}&#8221;][et_pb_column type=&#8221;1_4&#8243; _builder_version=&#8221;4.16&#8243; custom_padding=&#8221;|||&#8221; global_colors_info=&#8221;{}&#8221; custom_padding__hover=&#8221;|||&#8221;][et_pb_image src=&#8221;http:\/\/lv-t2.kubus-art.de\/wp-content\/uploads\/2024\/02\/Logo_Do.jpg&#8221; _builder_version=&#8221;4.23.1&#8243; _module_preset=&#8221;default&#8221; width=&#8221;50%&#8221; max_width=&#8221;50%&#8221; module_alignment=&#8221;center&#8221; min_height=&#8221;25%&#8221; max_height=&#8221;50%&#8221; custom_margin=&#8221;13.8%||13.8%||true|false&#8221; animation_style=&#8221;fold&#8221; animation_direction=&#8221;left&#8221; global_colors_info=&#8221;{}&#8221;][\/et_pb_image][\/et_pb_column][et_pb_column type=&#8221;3_4&#8243; _builder_version=&#8221;4.16&#8243; custom_padding=&#8221;|||&#8221; global_colors_info=&#8221;{}&#8221; custom_padding__hover=&#8221;|||&#8221;][et_pb_text _builder_version=&#8221;4.23.1&#8243; text_font=&#8221;||||||||&#8221; text_font_size=&#8221;15px&#8221; text_line_height=&#8221;2em&#8221; header_2_font=&#8221;Glegoo||||||||&#8221; header_2_font_size=&#8221;40px&#8221; header_2_line_height=&#8221;1.4em&#8221; header_4_font=&#8221;|700||on|||||&#8221; header_4_text_color=&#8221;#1d48c0&#8243; header_4_font_size=&#8221;16px&#8221; header_4_letter_spacing=&#8221;2px&#8221; header_4_line_height=&#8221;1.6em&#8221; module_alignment=&#8221;left&#8221; custom_margin=&#8221;|-4px||||&#8221; custom_padding=&#8221;13px||0px||false|false&#8221; header_2_font_size_tablet=&#8221;30px&#8221; header_2_font_size_phone=&#8221;22px&#8221; header_2_font_size_last_edited=&#8221;on|phone&#8221; header_4_font_size_tablet=&#8221;&#8221; header_4_font_size_phone=&#8221;14px&#8221; header_4_font_size_last_edited=&#8221;on|phone&#8221; border_style_bottom=&#8221;dotted&#8221; locked=&#8221;off&#8221; global_colors_info=&#8221;{}&#8221;]<\/p>\n<h4>\u041e\u0431\u0449\u0438\u043d\u0430<\/h4>\n<h2 id=\"wp-block-themeisle-blocks-advanced-heading-93392e91\" class=\"wp-block-themeisle-blocks-advanced-heading wp-block-themeisle-blocks-advanced-heading-93392e91\">J\u00fcdische Kultusgemeinde Gro\u00df-Dortmund K.d.\u00f6.R.<\/h2>\n<p><strong><em> <\/em><\/strong><\/p>\n<p>[\/et_pb_text][\/et_pb_column][\/et_pb_row][et_pb_row column_structure=&#8221;1_4,3_4&#8243; _builder_version=&#8221;4.23.1&#8243; _module_preset=&#8221;default&#8221; custom_margin=&#8221;0px||0px||true|false&#8221; global_colors_info=&#8221;{}&#8221;][et_pb_column type=&#8221;1_4&#8243; _builder_version=&#8221;4.23.1&#8243; _module_preset=&#8221;default&#8221; global_colors_info=&#8221;{}&#8221;][\/et_pb_column][et_pb_column type=&#8221;3_4&#8243; _builder_version=&#8221;4.23.1&#8243; _module_preset=&#8221;default&#8221; global_colors_info=&#8221;{}&#8221;][dvmd_table_maker tbl_column_header_count=&#8221;0&#8243; tbl_row_header_count=&#8221;0&#8243; tbl_responsive_mode=&#8221;off&#8221; tbl_frame_type=&#8221;none&#8221; tbl_tcell_cell_color=&#8221;RGBA(255,255,255,0)&#8221; tbl_tcell_cell_align_horz=&#8221;left&#8221; tbl_tcell_cell_align_vert=&#8221;left&#8221; tbl_tcell_cell_padding=&#8221;0px|0px|0px|0px|false|false&#8221; _builder_version=&#8221;4.23.1&#8243; _module_preset=&#8221;default&#8221; custom_margin=&#8221;0px||0px||false|false&#8221; custom_padding=&#8221;0px||0px||false|false&#8221; hover_enabled=&#8221;0&#8243; border_width_all_tbl_tcell_cell_border=&#8221;0px&#8221; locked=&#8221;off&#8221; global_colors_info=&#8221;{}&#8221; sticky_enabled=&#8221;0&#8243;][dvmd_table_maker_item col_content=&#8221;\u0410\u0434\u0440\u0435\u0441:<br \/>\n\u0422\u0435\u043b.:<br \/>\n\u0424\u0430\u043a\u0441:<br \/>\nweb:<br \/>\n\u041f\u0440\u0430\u0432\u043b\u0435\u043d\u0438\u0435:<br \/>\n\u041a\u043e\u043d\u0442\u0430\u043a\u0442\u043d\u043e\u0435 \u043b\u0438\u0446\u043e:<br \/>\n\u041a\u043e\u043b\u0438\u0447\u0435\u0441\u0442\u0432\u043e \u0447\u043b\u0435\u043d\u043e\u0432:&#8221; col_column_max_width=&#8221;20%&#8221; col_column_min_width=&#8221;20%&#8221; col_tcell_cell_padding=&#8221;0px|0px|0px|0px|false|false&#8221; col_column_min_width_tablet=&#8221;20%&#8221; col_column_min_width_phone=&#8221;41%&#8221; col_column_min_width_last_edited=&#8221;on|tablet&#8221; _builder_version=&#8221;4.23.1&#8243; _module_preset=&#8221;default&#8221; hover_enabled=&#8221;0&#8243; global_colors_info=&#8221;{}&#8221; sticky_enabled=&#8221;0&#8243;][\/dvmd_table_maker_item][dvmd_table_maker_item col_content=&#8221;Prinz Friedrich Karl Str. 9 <br \/> 44135 Dortmund<br \/>\n0231 \/ 55 74 72 0<br \/>\n0231 \/ 55 74 72 20<br \/>\n<a href=%22https:\/\/jg-dortmund.de\/%22>www.jg-dortmund.de<\/a><br \/>\nZwi Rappoport <br \/> Diana Broner <br \/> Alexander Levin<br \/>\nZwi Rappoport, Alexander Levin, Diana Broner<br \/>\n2621 (Stand 2022\/ZWST)&#8221; _builder_version=&#8221;4.23.1&#8243; _module_preset=&#8221;default&#8221; hover_enabled=&#8221;0&#8243; global_colors_info=&#8221;{}&#8221; sticky_enabled=&#8221;0&#8243;][\/dvmd_table_maker_item][\/dvmd_table_maker][\/et_pb_column][\/et_pb_row][et_pb_row column_structure=&#8221;1_4,3_4&#8243; _builder_version=&#8221;4.23.1&#8243; _module_preset=&#8221;default&#8221; global_colors_info=&#8221;{}&#8221;][et_pb_column type=&#8221;1_4&#8243; _builder_version=&#8221;4.23.1&#8243; _module_preset=&#8221;default&#8221; global_colors_info=&#8221;{}&#8221;][\/et_pb_column][et_pb_column type=&#8221;3_4&#8243; _builder_version=&#8221;4.23.1&#8243; _module_preset=&#8221;default&#8221; global_colors_info=&#8221;{}&#8221;][et_pb_text _builder_version=&#8221;4.23.1&#8243; _module_preset=&#8221;default&#8221; global_colors_info=&#8221;{}&#8221;]<\/p>\n<p><strong>\u0410\u0434\u043c\u0438\u043d\u0438\u0441\u0442\u0440\u0430\u0446\u0438\u044f<\/strong><\/p>\n<p>\u0427\u0430\u0441\u044b \u0440\u0430\u0431\u043e\u0442\u044b: <br \/>\u041f\u043d.-\u0447\u0442.: 08:00-16:30 \u0447\u0430\u0441\u043e\u0432, \u043f\u043d.: 08:00-14:00 \u0447\u0430\u0441\u043e\u0432<\/p>\n<p>Marina Evel <br \/>\u0422\u0435\u043b.: 0231 \/ 55 74 72 16<br \/>E-Mail: verwaltung@jg-dortmund.de <\/p>\n<p>Larissa Korobov<br \/>\u0422\u0435\u043b.: 0231 \/ 55 74 72 17<br \/>E-Mail: korobova@jg-dortmund.de <\/p>\n<p>[\/et_pb_text][\/et_pb_column][\/et_pb_row][et_pb_row column_structure=&#8221;1_4,3_4&#8243; _builder_version=&#8221;4.23.1&#8243; _module_preset=&#8221;default&#8221; global_colors_info=&#8221;{}&#8221;][et_pb_column type=&#8221;1_4&#8243; _builder_version=&#8221;4.23.1&#8243; _module_preset=&#8221;default&#8221; global_colors_info=&#8221;{}&#8221;][\/et_pb_column][et_pb_column type=&#8221;3_4&#8243; _builder_version=&#8221;4.23.1&#8243; _module_preset=&#8221;default&#8221; global_colors_info=&#8221;{}&#8221;][et_pb_text _builder_version=&#8221;4.23.1&#8243; _module_preset=&#8221;default&#8221; global_colors_info=&#8221;{}&#8221;]<\/p>\n<p><strong>\u0420\u0430\u0432\u0432\u0438\u043d\u0430\u0442<\/strong><\/p>\n<p>\u0420\u0430\u0432\u0432\u0438\u043d Avigdor Moshe Nosikov<br \/>\u0421\u0435\u043a\u0440\u0435\u0442\u0430\u0440\u044c Hana Kopelewitsch<br \/>\u0422\u0435\u043b.: 0231 \/ 55 74 72 31<br \/>E-Mail: rabbinat@jg-dortmund.de<\/p>\n<p>[\/et_pb_text][\/et_pb_column][\/et_pb_row][\/et_pb_section][et_pb_section fb_built=&#8221;1&#8243; _builder_version=&#8221;4.23.1&#8243; _module_preset=&#8221;default&#8221; background_image=&#8221;http:\/\/lv-t2.kubus-art.de\/wp-content\/uploads\/2023\/12\/investing-16-1.jpg&#8221; global_colors_info=&#8221;{}&#8221;][et_pb_row column_structure=&#8221;1_4,3_4&#8243; _builder_version=&#8221;4.23.1&#8243; _module_preset=&#8221;default&#8221; custom_padding=&#8221;7px|||||&#8221; global_colors_info=&#8221;{}&#8221;][et_pb_column type=&#8221;1_4&#8243; _builder_version=&#8221;4.23.1&#8243; _module_preset=&#8221;default&#8221; global_colors_info=&#8221;{}&#8221;][\/et_pb_column][et_pb_column type=&#8221;3_4&#8243; _builder_version=&#8221;4.23.1&#8243; _module_preset=&#8221;default&#8221; global_colors_info=&#8221;{}&#8221;][et_pb_text _builder_version=&#8221;4.23.1&#8243; _module_preset=&#8221;default&#8221; global_colors_info=&#8221;{}&#8221;]<\/p>\n<p><strong>\u0421\u043e\u0446\u0438\u0430\u043b\u044c\u043d\u044b\u0439 \u043e\u0442\u0434\u0435\u043b<\/strong><\/p>\n<p>Lina Romanov, \u0440\u0443\u043a\u043e\u0432\u043e\u0434\u0438\u0442\u0435\u043b\u044c \u0441\u043e\u0446\u043e\u0442\u0434\u0435\u043b\u0430<br \/>\u0422\u0435\u043b.: 0231 \/ 55 74 72 13<br \/>E-Mail: romanov@jg-dortmund.de<\/p>\n<p>Hanna Giltmann, \u0441\u043e\u0446\u0438\u0430\u043b\u044c\u043d\u044b\u0439 \u0440\u0430\u0431\u043e\u0442\u043d\u0438\u043a + \u0434\u043e\u043c \u043f\u0440\u0435\u0441\u0442\u0430\u0440\u0435\u043b\u044b\u0445<br \/>\u0422\u0435\u043b.: 0231 \/ 55 74 72 26<br \/>E-Mail: giltmann@jg-dortmund.de<\/p>\n<p>[\/et_pb_text][\/et_pb_column][\/et_pb_row][et_pb_row column_structure=&#8221;1_4,3_4&#8243; _builder_version=&#8221;4.23.1&#8243; _module_preset=&#8221;default&#8221; hover_enabled=&#8221;0&#8243; global_colors_info=&#8221;{}&#8221; sticky_enabled=&#8221;0&#8243;][et_pb_column type=&#8221;1_4&#8243; _builder_version=&#8221;4.23.1&#8243; _module_preset=&#8221;default&#8221; global_colors_info=&#8221;{}&#8221;][\/et_pb_column][et_pb_column type=&#8221;3_4&#8243; _builder_version=&#8221;4.23.1&#8243; _module_preset=&#8221;default&#8221; global_colors_info=&#8221;{}&#8221;][et_pb_text _builder_version=&#8221;4.23.1&#8243; _module_preset=&#8221;default&#8221; hover_enabled=&#8221;0&#8243; global_colors_info=&#8221;{}&#8221; sticky_enabled=&#8221;0&#8243;]<\/p>\n<p><strong>\u0421\u043e\u0446\u0438\u0430\u043b\u044c\u043d\u044b\u0439 \u043e\u0442\u0434\u0435\u043b + \u0414\u043e\u043c \u043f\u0440\u0435\u0441\u0442\u0430\u0440\u0435\u043b\u044b\u0445<\/strong><strong><\/strong><\/p>\n<p>Anna Dick<br \/>\u0422\u0435\u043b.: 0152 \/ 242 568 71<br \/>E-Mail: bfd@jkgd.de<br \/>\u2022 Bundesfreiwilligendienst (BFD)<br \/>\u2022 AGH (Arbeitsgelegenheiten: 2\u20ac-Job)<br \/>\u2022 Beratung und \u00dcbersetzung \u201eRussische Rente\u201c<br \/>\u041f\u043d. \u0438 \u0447\u0442.: 10:00-14:00 \u0447\u0430\u0441\u043e\u0432<\/p>\n<p>[\/et_pb_text][\/et_pb_column][\/et_pb_row][et_pb_row column_structure=&#8221;1_4,3_4&#8243; _builder_version=&#8221;4.23.1&#8243; _module_preset=&#8221;default&#8221; global_colors_info=&#8221;{}&#8221;][et_pb_column type=&#8221;1_4&#8243; _builder_version=&#8221;4.23.1&#8243; _module_preset=&#8221;default&#8221; global_colors_info=&#8221;{}&#8221;][\/et_pb_column][et_pb_column type=&#8221;3_4&#8243; _builder_version=&#8221;4.23.1&#8243; _module_preset=&#8221;default&#8221; global_colors_info=&#8221;{}&#8221;][et_pb_text _builder_version=&#8221;4.23.1&#8243; _module_preset=&#8221;default&#8221; global_colors_info=&#8221;{}&#8221;]<\/p>\n<p><strong>\u041f\u0441\u0438\u0445\u043e\u043b\u043e\u0433\u0438\u0447\u0435\u0441\u043a\u043e\u0435 \u043a\u043e\u043d\u0441\u0443\u043b\u044c\u0442\u0438\u0440\u043e\u0432\u0430\u043d\u0438\u0435<\/strong><\/p>\n<p>\u0422\u0435\u043b.: 0231 \/ 55 74 72 16 <br \/>E-Mail: evel@jg-dortmund.de <br \/>Anmeldung \u00fcber Marina Evel <br \/>\u2022 Einzel- und Gruppengespr\u00e4che <br \/>\u2022 regul\u00e4res Gruppentraining<\/p>\n<p>[\/et_pb_text][\/et_pb_column][\/et_pb_row][et_pb_row column_structure=&#8221;1_4,1_4,1_2&#8243; _builder_version=&#8221;4.23.1&#8243; _module_preset=&#8221;default&#8221; global_colors_info=&#8221;{}&#8221;][et_pb_column type=&#8221;1_4&#8243; _builder_version=&#8221;4.23.1&#8243; _module_preset=&#8221;default&#8221; global_colors_info=&#8221;{}&#8221;][\/et_pb_column][et_pb_column type=&#8221;1_4&#8243; _builder_version=&#8221;4.23.1&#8243; _module_preset=&#8221;default&#8221; global_colors_info=&#8221;{}&#8221;][et_pb_image src=&#8221;http:\/\/lv-t2.kubus-art.de\/wp-content\/uploads\/2024\/03\/LogoTagesschule_150x150.png&#8221; _builder_version=&#8221;4.23.1&#8243; _module_preset=&#8221;default&#8221; global_colors_info=&#8221;{}&#8221;][\/et_pb_image][\/et_pb_column][et_pb_column type=&#8221;1_2&#8243; _builder_version=&#8221;4.23.1&#8243; _module_preset=&#8221;default&#8221; global_colors_info=&#8221;{}&#8221;][et_pb_text _builder_version=&#8221;4.23.1&#8243; _module_preset=&#8221;default&#8221; custom_padding=&#8221;||0px|||&#8221; global_colors_info=&#8221;{}&#8221;]<\/p>\n<p><strong>\u0414\u043d\u0435\u0432\u043d\u0430\u044f \u0448\u043a\u043e\u043b\u0430 \u201eAhawat Israel\u201c<\/strong><\/p>\n<p>Marianna Tsvelenev <br \/>\u0422\u0435\u043b.: 0231 \/ 55 74 72 28 <br \/>E-Mail: Marianna.tsvelenev@jg-dortmund.de<\/p>\n<p>Marina Evel <br \/>\u0422\u0435\u043b.: 0231 \/ 55 74 72 16<br \/>E-Mail: verwaltung@jg-dortmund.de<\/p>\n<p>[\/et_pb_text][\/et_pb_column][\/et_pb_row][et_pb_row column_structure=&#8221;1_4,3_4&#8243; _builder_version=&#8221;4.23.1&#8243; _module_preset=&#8221;default&#8221; global_colors_info=&#8221;{}&#8221;][et_pb_column type=&#8221;1_4&#8243; _builder_version=&#8221;4.23.1&#8243; _module_preset=&#8221;default&#8221; global_colors_info=&#8221;{}&#8221;][\/et_pb_column][et_pb_column type=&#8221;3_4&#8243; _builder_version=&#8221;4.23.1&#8243; _module_preset=&#8221;default&#8221; global_colors_info=&#8221;{}&#8221;][et_pb_text _builder_version=&#8221;4.23.1&#8243; _module_preset=&#8221;default&#8221; custom_padding=&#8221;||0px|||&#8221; global_colors_info=&#8221;{}&#8221;]<\/p>\n<p><strong>\u0414\u0435\u0442\u0441\u043a\u0438\u0439 \u0441\u0430\u0434<\/strong><\/p>\n<p>J\u00fcdisches Familienzentrum Hagescher<br \/>Arndtstra\u00dfe 15, 44135 Dortmund<br \/>\u0422\u0435\u043b.: 0231 \/ 17 63 783<br \/>E-Mail: Familienz.Hagescher@jkgd.de<\/p>\n<p>[\/et_pb_text][\/et_pb_column][\/et_pb_row][et_pb_row column_structure=&#8221;1_4,1_4,1_2&#8243; _builder_version=&#8221;4.23.1&#8243; _module_preset=&#8221;default&#8221; global_colors_info=&#8221;{}&#8221;][et_pb_column type=&#8221;1_4&#8243; _builder_version=&#8221;4.23.1&#8243; _module_preset=&#8221;default&#8221; global_colors_info=&#8221;{}&#8221;][\/et_pb_column][et_pb_column type=&#8221;1_4&#8243; _builder_version=&#8221;4.23.1&#8243; _module_preset=&#8221;default&#8221; global_colors_info=&#8221;{}&#8221;][et_pb_image src=&#8221;http:\/\/lv-t2.kubus-art.de\/wp-content\/uploads\/2024\/03\/emuna150x150.png&#8221; _builder_version=&#8221;4.23.1&#8243; _module_preset=&#8221;default&#8221; global_colors_info=&#8221;{}&#8221;][\/et_pb_image][\/et_pb_column][et_pb_column type=&#8221;1_2&#8243; _builder_version=&#8221;4.23.1&#8243; _module_preset=&#8221;default&#8221; global_colors_info=&#8221;{}&#8221;][et_pb_text _builder_version=&#8221;4.23.1&#8243; _module_preset=&#8221;default&#8221; custom_padding=&#8221;||0px|||&#8221; global_colors_info=&#8221;{}&#8221;]<\/p>\n<p><strong>\u041c\u043e\u043b\u043e\u0434\u0435\u0436\u043d\u044b\u0439 \u0446\u0435\u043d\u0442\u0440 \u201eEmuna\u201c<\/strong><\/p>\n<p>\u0422\u0435\u043b.: 0231 \/ 5574 720<br \/>E-Mail: emuna.juzedo@gmail.com<\/p>\n<p>[\/et_pb_text][\/et_pb_column][\/et_pb_row][et_pb_row column_structure=&#8221;1_4,3_4&#8243; _builder_version=&#8221;4.23.1&#8243; _module_preset=&#8221;default&#8221; global_colors_info=&#8221;{}&#8221;][et_pb_column type=&#8221;1_4&#8243; _builder_version=&#8221;4.23.1&#8243; _module_preset=&#8221;default&#8221; global_colors_info=&#8221;{}&#8221;][\/et_pb_column][et_pb_column type=&#8221;3_4&#8243; _builder_version=&#8221;4.23.1&#8243; _module_preset=&#8221;default&#8221; global_colors_info=&#8221;{}&#8221;][et_pb_text _builder_version=&#8221;4.23.1&#8243; _module_preset=&#8221;default&#8221; custom_padding=&#8221;||0px|||&#8221; global_colors_info=&#8221;{}&#8221;]<\/p>\n<p><strong>\u0411\u0438\u0431\u043b\u0438\u043e\u0442\u0435\u043a\u0438:<\/strong><\/p>\n<p><strong>\u041a\u043d\u0438\u0433\u0438 \u043d\u0430 \u0440\u0443\u0441\u0441\u043a\u043e\u043c \u0438 \u043d\u0435\u043c\u0435\u0446\u043a\u043e\u043c \u044f\u0437\u044b\u043a\u0430\u0445<\/strong><br \/>Arndtstra\u00dfe 15, 44135 Dortmund<br \/>Mo: 14:00-16:00 \u0447\u0430\u0441\u043e\u0432<br \/>\u0447\u0442.: 10:00-12:00 \u0447\u0430\u0441\u043e\u0432<br \/>\u0422\u0435\u043b.: 0231 \/ 55 74 72 25<\/p>\n<p><strong>\u0411\u0438\u0431\u043b\u0438\u043e\u0442\u0435\u043a\u0430 \u0432 Heimbergsaal<\/strong><br \/>\u0434\u043b\u044f \u0435\u0432\u0440\u0435\u0439\u0441\u043a\u043e\u0439 \u0440\u0435\u043b\u0438\u0433\u0438\u043e\u0437\u043d\u043e\u0439 \u0438 \u043f\u043e\u043f\u0443\u043b\u044f\u0440\u043d\u043e\u0439 \u043b\u0438\u0442\u0435\u0440\u0430\u0442\u0443\u0440\u044b<br \/>\u041f\u043d. \u0438 \u0447\u0442.: 10:00-12:00 \u0447\u0430\u0441\u043e\u0432<br \/>\u041f\u0440\u0435\u0434\u0432\u0430\u0440\u0438\u0442\u0435\u043b\u044c\u043d\u044b\u0439 \u0437\u0430\u043a\u0430\u0437 \u0438\u043b\u0438 \u0434\u043e\u0441\u0442\u0430\u0432\u043a\u0430: <br \/>0176 \/ 578 11 992<\/p>\n<p>[\/et_pb_text][\/et_pb_column][\/et_pb_row][et_pb_row column_structure=&#8221;1_4,3_4&#8243; _builder_version=&#8221;4.23.1&#8243; _module_preset=&#8221;default&#8221; global_colors_info=&#8221;{}&#8221;][et_pb_column type=&#8221;1_4&#8243; _builder_version=&#8221;4.23.1&#8243; _module_preset=&#8221;default&#8221; global_colors_info=&#8221;{}&#8221;][\/et_pb_column][et_pb_column type=&#8221;3_4&#8243; _builder_version=&#8221;4.23.1&#8243; _module_preset=&#8221;default&#8221; global_colors_info=&#8221;{}&#8221;][et_pb_text _builder_version=&#8221;4.23.1&#8243; _module_preset=&#8221;default&#8221; custom_padding=&#8221;||0px|||&#8221; global_colors_info=&#8221;{}&#8221;]<\/p>\n<p><strong>\u0420\u0435\u043b\u0438\u0433\u0438\u043e\u0437\u043d\u0430\u044f \u0448\u043a\u043e\u043b\u0430<\/strong><\/p>\n<p>Rosa Rappoport, Fachberaterin und Koordinatorin des Faches J\u00fcdische Religionslehre f\u00fcr den LVJG von Westfalen-Lippe <br \/>E-Mail:r.rappoport@lvjgwl.de<\/p>\n<p>Alexander Krimhand, Koordination der Jugend- und Bildungsarbeit <br \/>E-Mail: krimhand@jkgd.de<\/p>\n<p>[\/et_pb_text][\/et_pb_column][\/et_pb_row][et_pb_row column_structure=&#8221;1_4,1_4,1_2&#8243; _builder_version=&#8221;4.23.1&#8243; _module_preset=&#8221;default&#8221; global_colors_info=&#8221;{}&#8221;][et_pb_column type=&#8221;1_4&#8243; _builder_version=&#8221;4.23.1&#8243; _module_preset=&#8221;default&#8221; global_colors_info=&#8221;{}&#8221;][\/et_pb_column][et_pb_column type=&#8221;1_4&#8243; _builder_version=&#8221;4.23.1&#8243; _module_preset=&#8221;default&#8221; global_colors_info=&#8221;{}&#8221;][et_pb_image src=&#8221;http:\/\/lv-t2.kubus-art.de\/wp-content\/uploads\/2024\/03\/adira_150x150-1.jpg&#8221; _builder_version=&#8221;4.23.1&#8243; _module_preset=&#8221;default&#8221; width=&#8221;97.7%&#8221; custom_margin=&#8221;|149px||||&#8221; global_colors_info=&#8221;{}&#8221;][\/et_pb_image][\/et_pb_column][et_pb_column type=&#8221;1_2&#8243; _builder_version=&#8221;4.23.1&#8243; _module_preset=&#8221;default&#8221; global_colors_info=&#8221;{}&#8221;][et_pb_text _builder_version=&#8221;4.23.1&#8243; _module_preset=&#8221;default&#8221; custom_padding=&#8221;||0px|||&#8221; global_colors_info=&#8221;{}&#8221;]<\/p>\n<p><strong>ADIRA <\/strong>\u2013 \u0410\u043d\u0442\u0438\u0434\u0438\u0441\u043a\u0440\u0438\u043c\u0438\u043d\u0430\u0446\u0438\u043e\u043d\u043d\u0430\u044f \u043a\u043e\u043d\u0441\u0443\u043b\u044c\u0442\u0430\u0446\u0438\u043e\u043d\u043d\u0430\u044f \u0441\u043b\u0443\u0436\u0431\u0430, \u0430 \u0442\u0430\u043a\u0436\u0435\u00a0\u043f\u043e\u043c\u043e\u0449\u044c \u0432 \u0441\u043b\u0443\u0447\u0430\u044f\u0445 \u0430\u043d\u0442\u0438\u0441\u0435\u043c\u0438\u0442\u0438\u0437\u043c\u0430 \u0438 \u0440\u0430\u0441\u0438\u0437\u043c\u0430<\/p>\n<p>\u0422\u0435\u043b.: 0231 \/ 55 74 72 51<br \/>www.adira-nrw.de<br \/>E-Mail: kontakt@adira-nrw.de<\/p>\n<p>[\/et_pb_text][\/et_pb_column][\/et_pb_row][\/et_pb_section][et_pb_section fb_built=&#8221;1&#8243; admin_label=&#8221;Blog&#8221; _builder_version=&#8221;4.23.1&#8243; background_color=&#8221;#FFFFFF&#8221; background_enable_image=&#8221;off&#8221; background_size=&#8221;initial&#8221; background_position=&#8221;bottom_center&#8221; custom_margin=&#8221;0px||0px||false|false&#8221; custom_padding=&#8221;0px||0px||false|false&#8221; global_colors_info=&#8221;{}&#8221;][et_pb_row _builder_version=&#8221;4.23.1&#8243; _module_preset=&#8221;default&#8221; background_enable_image=&#8221;off&#8221; global_colors_info=&#8221;{}&#8221;][et_pb_column type=&#8221;4_4&#8243; _builder_version=&#8221;4.23.1&#8243; _module_preset=&#8221;default&#8221; global_colors_info=&#8221;{}&#8221;][et_pb_post_nav in_same_term=&#8221;on&#8221; _builder_version=&#8221;4.23.1&#8243; _module_preset=&#8221;default&#8221; title_text_color=&#8221;#385cad&#8221; global_colors_info=&#8221;{}&#8221;][\/et_pb_post_nav][et_pb_button button_url=&#8221;@ET-DC@eyJkeW5hbWljIjp0cnVlLCJjb250ZW50IjoicG9zdF9saW5rX3VybF9wYWdlIiwic2V0dGluZ3MiOnsicG9zdF9pZCI6IjkxMSJ9fQ==@&#8221; button_text=&#8221;\u041d\u0430\u0437\u0430\u0434&#8221; module_id=&#8221;pa-back-button&#8221; _builder_version=&#8221;4.23.1&#8243; _dynamic_attributes=&#8221;button_url&#8221; custom_button=&#8221;on&#8221; button_text_size=&#8221;15px&#8221; button_text_color=&#8221;#1d48c0&#8243; button_bg_color=&#8221;rgba(255,255,255,0)&#8221; button_border_color=&#8221;#1d48c0&#8243; button_border_radius=&#8221;0px&#8221; button_letter_spacing=&#8221;2px&#8221; button_font=&#8221;|700||on|||||&#8221; button_icon=&#8221;&#x23;||divi||400&#8243; button_icon_placement=&#8221;left&#8221; custom_margin=&#8221;40px||||false&#8221; custom_padding=&#8221;14px|40px|14px|40px|true|true&#8221; custom_css_free_form=&#8221;<input type=%22button%22 value=%22Zur\u00fcck%22 onClick=%22javascript:history.back()%22>&#8221; box_shadow_style=&#8221;preset7&#8243; box_shadow_horizontal=&#8221;0px&#8221; box_shadow_vertical=&#8221;0px&#8221; box_shadow_color=&#8221;#1d48c0&#8243; global_colors_info=&#8221;{}&#8221; button_bg_color__hover_enabled=&#8221;on&#8221; box_shadow_vertical__hover=&#8221;200px&#8221; box_shadow_horizontal__hover_enabled=&#8221;on&#8221; box_shadow_horizontal__hover=&#8221;350px&#8221; button_text_color__hover_enabled=&#8221;on&#8221; button_text_color__hover=&#8221;#ffffff&#8221; button_bg_color__hover=&#8221;rgba(255,255,255,0)&#8221;][\/et_pb_button][\/et_pb_column][\/et_pb_row][\/et_pb_section]<\/p>\n","protected":false},"excerpt":{"rendered":"<p>\u041e\u0431\u0449\u0438\u043d\u0430 J\u00fcdische Kultusgemeinde Gro\u00df-Dortmund K.d.\u00f6.R. <div class=\"et_pb_with_border et_pb_module dvmd_table_maker dvmd_table_maker_0 dvmd_tm_version_3_0_3\">\n\t\t\t\t\n\t\t\t\t\n\t\t\t\t\n\t\t\t\t\n\t\t\t\t\n\t\t\t\t\n\t\t\t\t<div class=\"et_pb_module_inner\">\n\t\t\t\t\t\n\t\t\t\t<\/div>\n\t\t\t<\/div><div class=\"dvmd_outer\">\n\t\t\t\t\n\t\t\t\t\n\t\t\t\t\n\t\t\t\t\n\t\t\t\t\n\t\t\t\t\n\t\t\t\t<div class=\"dvmd_inner\">\n\t\t\t\t\t\n\t\t\t\t<\/div>\n\t\t\t<\/div><div class=\"dvmd_outer\">\n\t\t\t\t\n\t\t\t\t\n\t\t\t\t\n\t\t\t\t\n\t\t\t\t\n\t\t\t\t\n\t\t\t\t<div class=\"dvmd_inner\">\n\t\t\t\t\t\n\t\t\t\t<\/div>\n\t\t\t<\/div><\/p>\n","protected":false},"author":1,"featured_media":0,"parent":3578,"menu_order":3,"comment_status":"closed","ping_status":"closed","template":"","meta":{"_et_pb_use_builder":"on","_et_pb_old_content":"","_et_gb_content_width":"","_ti_tpc_template_sync":false,"_ti_tpc_template_id":"","footnotes":""},"class_list":["post-3632","page","type-page","status-publish","hentry"],"_links":{"self":[{"href":"http:\/\/lv-t2.kubus-art.de\/ru\/wp-json\/wp\/v2\/pages\/3632","targetHints":{"allow":["GET"]}}],"collection":[{"href":"http:\/\/lv-t2.kubus-art.de\/ru\/wp-json\/wp\/v2\/pages"}],"about":[{"href":"http:\/\/lv-t2.kubus-art.de\/ru\/wp-json\/wp\/v2\/types\/page"}],"author":[{"embeddable":true,"href":"http:\/\/lv-t2.kubus-art.de\/ru\/wp-json\/wp\/v2\/users\/1"}],"replies":[{"embeddable":true,"href":"http:\/\/lv-t2.kubus-art.de\/ru\/wp-json\/wp\/v2\/comments?post=3632"}],"version-history":[{"count":8,"href":"http:\/\/lv-t2.kubus-art.de\/ru\/wp-json\/wp\/v2\/pages\/3632\/revisions"}],"predecessor-version":[{"id":3813,"href":"http:\/\/lv-t2.kubus-art.de\/ru\/wp-json\/wp\/v2\/pages\/3632\/revisions\/3813"}],"up":[{"embeddable":true,"href":"http:\/\/lv-t2.kubus-art.de\/ru\/wp-json\/wp\/v2\/pages\/3578"}],"wp:attachment":[{"href":"http:\/\/lv-t2.kubus-art.de\/ru\/wp-json\/wp\/v2\/media?parent=3632"}],"curies":[{"name":"wp","href":"https:\/\/api.w.org\/{rel}","templated":true}]}}